{"id":277,"date":"2026-02-22T10:45:31","date_gmt":"2026-02-22T09:45:31","guid":{"rendered":"https:\/\/specialisszallitas.hu\/?page_id=277"},"modified":"2026-03-09T07:32:14","modified_gmt":"2026-03-09T06:32:14","slug":"galeria","status":"publish","type":"page","link":"https:\/\/specialisszallitas.hu\/index.php\/galeria\/","title":{"rendered":"Gal\u00e9ria"},"content":{"rendered":"\n[et_pb_section fb_built=&#8221;1&#8243; _builder_version=&#8221;4.27.5&#8243; _module_preset=&#8221;default&#8221; global_colors_info=&#8221;{}&#8221;][et_pb_row _builder_version=&#8221;4.27.5&#8243; _module_preset=&#8221;default&#8221; global_colors_info=&#8221;{}&#8221;][et_pb_column type=&#8221;4_4&#8243; _builder_version=&#8221;4.27.5&#8243; _module_preset=&#8221;default&#8221; global_colors_info=&#8221;{}&#8221;][et_pb_text _builder_version=&#8221;4.27.5&#8243; _module_preset=&#8221;default&#8221; custom_padding=&#8221;||0px|||&#8221; global_colors_info=&#8221;{}&#8221;]<p data-start=\"564\" data-end=\"618\"><strong data-start=\"564\" data-end=\"618\">Referencia munk\u00e1ink \u2013 Speci\u00e1lis sz\u00e1ll\u00edt\u00e1s Budapest<\/strong><\/p>\n<p data-start=\"620\" data-end=\"883\">C\u00e9g\u00fcnk speci\u00e1lis sz\u00e1ll\u00edt\u00e1s Budapest \u00e9s Pest megye ter\u00fclet\u00e9n v\u00e1llal neh\u00e9z, t\u00falm\u00e9retes vagy nehezen mozgathat\u00f3 berendez\u00e9sek mozgat\u00e1s\u00e1t. Az al\u00e1bbi gal\u00e9ri\u00e1ban p\u00e1nc\u00e9lszekr\u00e9ny sz\u00e1ll\u00edt\u00e1s, ipari g\u00e9p mozgat\u00e1s \u00e9s kl\u00edma k\u00fclt\u00e9ri egys\u00e9gek feljuttat\u00e1sa l\u00e1that\u00f3 val\u00f3s munk\u00e1kb\u00f3l.<\/p>\n<p data-start=\"885\" data-end=\"1034\">Minden munka el\u0151zetes felm\u00e9r\u00e9s alapj\u00e1n t\u00f6rt\u00e9nik, legyen sz\u00f3 t\u00f6bb sz\u00e1z kilogrammos trezor mozgat\u00e1s\u00e1r\u00f3l vagy komplett m\u0171hely k\u00f6lt\u00f6ztet\u00e9sr\u0151l Budapesten.<\/p>\n<p data-start=\"499\" data-end=\"553\"><\/p>[\/et_pb_text][et_pb_gallery gallery_ids=&#8221;276,275,272,274,273,271,270,269,261,262,263,264,265,266,267,268,260,259,258,257,256,255,254,253,149,152,247,248,249,250,251,252,148,147,146,145,144,143,142,141,133,134,135,136,137,138,139,140,128,129,130,131,132&#8243; posts_number=&#8221;53&#8243; _builder_version=&#8221;4.27.5&#8243; _module_preset=&#8221;default&#8221; global_colors_info=&#8221;{}&#8221;][\/et_pb_gallery][et_pb_text _builder_version=&#8221;4.27.5&#8243; _module_preset=&#8221;default&#8221; global_colors_info=&#8221;{}&#8221;]<h3 data-start=\"781\" data-end=\"835\">Milyen munk\u00e1kat v\u00e9gz\u00fcnk speci\u00e1lis sz\u00e1ll\u00edt\u00e1s sor\u00e1n?<\/h3>\n<p data-start=\"837\" data-end=\"1079\">A speci\u00e1lis sz\u00e1ll\u00edt\u00e1s Budapest ter\u00fclet\u00e9n gyakran jelent t\u00f6bb sz\u00e1z kilogrammos vagy ak\u00e1r t\u00f6bb tonn\u00e1s berendez\u00e9sek mozgat\u00e1s\u00e1t. V\u00e1llaljuk p\u00e1nc\u00e9lszekr\u00e9ny sz\u00e1ll\u00edt\u00e1s, ipari g\u00e9p mozgat\u00e1s, kaz\u00e1n mozgat\u00e1s \u00e9s egyedi neh\u00e9zg\u00e9p sz\u00e1ll\u00edt\u00e1s kivitelez\u00e9s\u00e9t is.<\/p>\n<p data-start=\"1081\" data-end=\"1339\">Sok esetben a helysz\u00edn sz\u0171k l\u00e9pcs\u0151h\u00e1zzal vagy nehezen megk\u00f6zel\u00edthet\u0151 udvarral rendelkezik, ez\u00e9rt speci\u00e1lis emel\u0151eszk\u00f6z\u00f6ket \u00e9s g\u00f6rg\u0151s rendszereket alkalmazunk. Amennyiben sz\u00fcks\u00e9ges, egyedi megold\u00e1sokat is kialak\u00edtunk, hogy a sz\u00e1ll\u00edt\u00e1s biztons\u00e1gosan t\u00f6rt\u00e9njen.<\/p>\n<p data-start=\"1341\" data-end=\"1531\">Mivel minden helysz\u00edn m\u00e1s, a speci\u00e1lis sz\u00e1ll\u00edt\u00e1s Budapesten mindig el\u0151zetes felm\u00e9r\u00e9s alapj\u00e1n t\u00f6rt\u00e9nik, \u00edgy minimaliz\u00e1lhat\u00f3 a kock\u00e1zat, valamint gyorsabb \u00e9s hat\u00e9konyabb kivitelez\u00e9s \u00e9rhet\u0151 el.<\/p>[\/et_pb_text][\/et_pb_column][\/et_pb_row][\/et_pb_section]\n","protected":false},"excerpt":{"rendered":"<p>Referencia munk\u00e1ink \u2013 Speci\u00e1lis sz\u00e1ll\u00edt\u00e1s Budapest C\u00e9g\u00fcnk speci\u00e1lis sz\u00e1ll\u00edt\u00e1s Budapest \u00e9s Pest megye ter\u00fclet\u00e9n v\u00e1llal neh\u00e9z, t\u00falm\u00e9retes vagy nehezen mozgathat\u00f3 berendez\u00e9sek mozgat\u00e1s\u00e1t. Az al\u00e1bbi gal\u00e9ri\u00e1ban p\u00e1nc\u00e9lszekr\u00e9ny sz\u00e1ll\u00edt\u00e1s, ipari g\u00e9p mozgat\u00e1s \u00e9s kl\u00edma k\u00fclt\u00e9ri egys\u00e9gek feljuttat\u00e1sa l\u00e1that\u00f3 val\u00f3s munk\u00e1kb\u00f3l. Minden munka el\u0151zetes felm\u00e9r\u00e9s alapj\u00e1n t\u00f6rt\u00e9nik, legyen sz\u00f3 t\u00f6bb sz\u00e1z kilogrammos trezor mozgat\u00e1s\u00e1r\u00f3l vagy komplett m\u0171hely k\u00f6lt\u00f6ztet\u00e9sr\u0151l [&hellip;]<\/p>\n","protected":false},"author":1,"featured_media":0,"parent":0,"menu_order":0,"comment_status":"closed","ping_status":"closed","template":"","meta":{"_et_pb_use_builder":"on","_et_pb_old_content":"","_et_gb_content_width":"","footnotes":""},"class_list":["post-277","page","type-page","status-publish","hentry"],"yoast_head":"<!-- This site is optimized with the Yoast SEO plugin v27.4 - https:\/\/yoast.com\/product\/yoast-seo-wordpress\/ -->\n<title>Speci\u00e1lis anyagmozgat\u00e1s \u2013 Referencia munk\u00e1k k\u00e9pekben - Speci\u00e1lis Sz\u00e1ll\u00edt\u00e1s<\/title>\n<meta name=\"description\" content=\"Egyedi sz\u00e1ll\u00edt\u00f3k Budapesten \u00e9s Pest megye ter\u00fclet\u00e9n. P\u00e1nc\u00e9lszekr\u00e9ny sz\u00e1ll\u00edt\u00e1sa, ipari g\u00e9p mozgat\u00e1s \u00e9s neh\u00e9zg\u00e9p mozgat\u00e1s referencia k\u00e9pekben.\" \/>\n<meta name=\"robots\" content=\"index, follow, max-snippet:-1, max-image-preview:large, max-video-preview:-1\" \/>\n<link rel=\"canonical\" href=\"https:\/\/specialisszallitas.hu\/index.php\/galeria\/\" \/>\n<meta property=\"og:locale\" content=\"hu_HU\" \/>\n<meta property=\"og:type\" content=\"article\" \/>\n<meta property=\"og:title\" content=\"Speci\u00e1lis anyagmozgat\u00e1s \u2013 Referencia munk\u00e1k k\u00e9pekben - Speci\u00e1lis Sz\u00e1ll\u00edt\u00e1s\" \/>\n<meta property=\"og:description\" content=\"Egyedi sz\u00e1ll\u00edt\u00f3k Budapesten \u00e9s Pest megye ter\u00fclet\u00e9n. P\u00e1nc\u00e9lszekr\u00e9ny sz\u00e1ll\u00edt\u00e1sa, ipari g\u00e9p mozgat\u00e1s \u00e9s neh\u00e9zg\u00e9p mozgat\u00e1s referencia k\u00e9pekben.\" \/>\n<meta property=\"og:url\" content=\"https:\/\/specialisszallitas.hu\/index.php\/galeria\/\" \/>\n<meta property=\"og:site_name\" content=\"Speci\u00e1lis Sz\u00e1ll\u00edt\u00e1s\" \/>\n<meta property=\"article:publisher\" content=\"https:\/\/www.facebook.com\/specteher\" \/>\n<meta property=\"article:modified_time\" content=\"2026-03-09T06:32:14+00:00\" \/>\n<meta name=\"twitter:card\" content=\"summary_large_image\" \/>\n<meta name=\"twitter:label1\" content=\"Becs\u00fclt olvas\u00e1si id\u0151\" \/>\n\t<meta name=\"twitter:data1\" content=\"12 perc\" \/>\n<script type=\"application\/ld+json\" class=\"yoast-schema-graph\">{\"@context\":\"https:\\\/\\\/schema.org\",\"@graph\":[{\"@type\":\"WebPage\",\"@id\":\"https:\\\/\\\/specialisszallitas.hu\\\/index.php\\\/galeria\\\/\",\"url\":\"https:\\\/\\\/specialisszallitas.hu\\\/index.php\\\/galeria\\\/\",\"name\":\"Speci\u00e1lis anyagmozgat\u00e1s \u2013 Referencia munk\u00e1k k\u00e9pekben - Speci\u00e1lis Sz\u00e1ll\u00edt\u00e1s\",\"isPartOf\":{\"@id\":\"https:\\\/\\\/specialisszallitas.hu\\\/#website\"},\"datePublished\":\"2026-02-22T09:45:31+00:00\",\"dateModified\":\"2026-03-09T06:32:14+00:00\",\"description\":\"Egyedi sz\u00e1ll\u00edt\u00f3k Budapesten \u00e9s Pest megye ter\u00fclet\u00e9n. P\u00e1nc\u00e9lszekr\u00e9ny sz\u00e1ll\u00edt\u00e1sa, ipari g\u00e9p mozgat\u00e1s \u00e9s neh\u00e9zg\u00e9p mozgat\u00e1s referencia k\u00e9pekben.\",\"breadcrumb\":{\"@id\":\"https:\\\/\\\/specialisszallitas.hu\\\/index.php\\\/galeria\\\/#breadcrumb\"},\"inLanguage\":\"hu\",\"potentialAction\":[{\"@type\":\"ReadAction\",\"target\":[\"https:\\\/\\\/specialisszallitas.hu\\\/index.php\\\/galeria\\\/\"]}]},{\"@type\":\"BreadcrumbList\",\"@id\":\"https:\\\/\\\/specialisszallitas.hu\\\/index.php\\\/galeria\\\/#breadcrumb\",\"itemListElement\":[{\"@type\":\"ListItem\",\"position\":1,\"name\":\"Kezd\u0151lap\",\"item\":\"https:\\\/\\\/specialisszallitas.hu\\\/\"},{\"@type\":\"ListItem\",\"position\":2,\"name\":\"Gal\u00e9ria\"}]},{\"@type\":\"WebSite\",\"@id\":\"https:\\\/\\\/specialisszallitas.hu\\\/#website\",\"url\":\"https:\\\/\\\/specialisszallitas.hu\\\/\",\"name\":\"Speci\u00e1lis Sz\u00e1ll\u00edt\u00e1s\",\"description\":\"Neh\u00e9zg\u00e9p p\u00e1nc\u00e9lszekr\u00e9ny neh\u00e9z t\u00e1rgyak sz\u00e1ll\u00edt\u00e1sa\",\"publisher\":{\"@id\":\"https:\\\/\\\/specialisszallitas.hu\\\/#organization\"},\"potentialAction\":[{\"@type\":\"SearchAction\",\"target\":{\"@type\":\"EntryPoint\",\"urlTemplate\":\"https:\\\/\\\/specialisszallitas.hu\\\/?s={search_term_string}\"},\"query-input\":{\"@type\":\"PropertyValueSpecification\",\"valueRequired\":true,\"valueName\":\"search_term_string\"}}],\"inLanguage\":\"hu\"},{\"@type\":\"Organization\",\"@id\":\"https:\\\/\\\/specialisszallitas.hu\\\/#organization\",\"name\":\"Speci\u00e1lis Tehersz\u00e1ll\u00edt\u00f3 Kft\",\"url\":\"https:\\\/\\\/specialisszallitas.hu\\\/\",\"logo\":{\"@type\":\"ImageObject\",\"inLanguage\":\"hu\",\"@id\":\"https:\\\/\\\/specialisszallitas.hu\\\/#\\\/schema\\\/logo\\\/image\\\/\",\"url\":\"https:\\\/\\\/specialisszallitas.hu\\\/wp-content\\\/uploads\\\/2025\\\/06\\\/image-1.png\",\"contentUrl\":\"https:\\\/\\\/specialisszallitas.hu\\\/wp-content\\\/uploads\\\/2025\\\/06\\\/image-1.png\",\"width\":1270,\"height\":466,\"caption\":\"Speci\u00e1lis Tehersz\u00e1ll\u00edt\u00f3 Kft\"},\"image\":{\"@id\":\"https:\\\/\\\/specialisszallitas.hu\\\/#\\\/schema\\\/logo\\\/image\\\/\"},\"sameAs\":[\"https:\\\/\\\/www.facebook.com\\\/specteher\"]}]}<\/script>\n<!-- \/ Yoast SEO plugin. -->","yoast_head_json":{"title":"Speci\u00e1lis anyagmozgat\u00e1s \u2013 Referencia munk\u00e1k k\u00e9pekben - Speci\u00e1lis Sz\u00e1ll\u00edt\u00e1s","description":"Egyedi sz\u00e1ll\u00edt\u00f3k Budapesten \u00e9s Pest megye ter\u00fclet\u00e9n. P\u00e1nc\u00e9lszekr\u00e9ny sz\u00e1ll\u00edt\u00e1sa, ipari g\u00e9p mozgat\u00e1s \u00e9s neh\u00e9zg\u00e9p mozgat\u00e1s referencia k\u00e9pekben.","robots":{"index":"index","follow":"follow","max-snippet":"max-snippet:-1","max-image-preview":"max-image-preview:large","max-video-preview":"max-video-preview:-1"},"canonical":"https:\/\/specialisszallitas.hu\/index.php\/galeria\/","og_locale":"hu_HU","og_type":"article","og_title":"Speci\u00e1lis anyagmozgat\u00e1s \u2013 Referencia munk\u00e1k k\u00e9pekben - Speci\u00e1lis Sz\u00e1ll\u00edt\u00e1s","og_description":"Egyedi sz\u00e1ll\u00edt\u00f3k Budapesten \u00e9s Pest megye ter\u00fclet\u00e9n. P\u00e1nc\u00e9lszekr\u00e9ny sz\u00e1ll\u00edt\u00e1sa, ipari g\u00e9p mozgat\u00e1s \u00e9s neh\u00e9zg\u00e9p mozgat\u00e1s referencia k\u00e9pekben.","og_url":"https:\/\/specialisszallitas.hu\/index.php\/galeria\/","og_site_name":"Speci\u00e1lis Sz\u00e1ll\u00edt\u00e1s","article_publisher":"https:\/\/www.facebook.com\/specteher","article_modified_time":"2026-03-09T06:32:14+00:00","twitter_card":"summary_large_image","twitter_misc":{"Becs\u00fclt olvas\u00e1si id\u0151":"12 perc"},"schema":{"@context":"https:\/\/schema.org","@graph":[{"@type":"WebPage","@id":"https:\/\/specialisszallitas.hu\/index.php\/galeria\/","url":"https:\/\/specialisszallitas.hu\/index.php\/galeria\/","name":"Speci\u00e1lis anyagmozgat\u00e1s \u2013 Referencia munk\u00e1k k\u00e9pekben - Speci\u00e1lis Sz\u00e1ll\u00edt\u00e1s","isPartOf":{"@id":"https:\/\/specialisszallitas.hu\/#website"},"datePublished":"2026-02-22T09:45:31+00:00","dateModified":"2026-03-09T06:32:14+00:00","description":"Egyedi sz\u00e1ll\u00edt\u00f3k Budapesten \u00e9s Pest megye ter\u00fclet\u00e9n. P\u00e1nc\u00e9lszekr\u00e9ny sz\u00e1ll\u00edt\u00e1sa, ipari g\u00e9p mozgat\u00e1s \u00e9s neh\u00e9zg\u00e9p mozgat\u00e1s referencia k\u00e9pekben.","breadcrumb":{"@id":"https:\/\/specialisszallitas.hu\/index.php\/galeria\/#breadcrumb"},"inLanguage":"hu","potentialAction":[{"@type":"ReadAction","target":["https:\/\/specialisszallitas.hu\/index.php\/galeria\/"]}]},{"@type":"BreadcrumbList","@id":"https:\/\/specialisszallitas.hu\/index.php\/galeria\/#breadcrumb","itemListElement":[{"@type":"ListItem","position":1,"name":"Kezd\u0151lap","item":"https:\/\/specialisszallitas.hu\/"},{"@type":"ListItem","position":2,"name":"Gal\u00e9ria"}]},{"@type":"WebSite","@id":"https:\/\/specialisszallitas.hu\/#website","url":"https:\/\/specialisszallitas.hu\/","name":"Speci\u00e1lis Sz\u00e1ll\u00edt\u00e1s","description":"Neh\u00e9zg\u00e9p p\u00e1nc\u00e9lszekr\u00e9ny neh\u00e9z t\u00e1rgyak sz\u00e1ll\u00edt\u00e1sa","publisher":{"@id":"https:\/\/specialisszallitas.hu\/#organization"},"potentialAction":[{"@type":"SearchAction","target":{"@type":"EntryPoint","urlTemplate":"https:\/\/specialisszallitas.hu\/?s={search_term_string}"},"query-input":{"@type":"PropertyValueSpecification","valueRequired":true,"valueName":"search_term_string"}}],"inLanguage":"hu"},{"@type":"Organization","@id":"https:\/\/specialisszallitas.hu\/#organization","name":"Speci\u00e1lis Tehersz\u00e1ll\u00edt\u00f3 Kft","url":"https:\/\/specialisszallitas.hu\/","logo":{"@type":"ImageObject","inLanguage":"hu","@id":"https:\/\/specialisszallitas.hu\/#\/schema\/logo\/image\/","url":"https:\/\/specialisszallitas.hu\/wp-content\/uploads\/2025\/06\/image-1.png","contentUrl":"https:\/\/specialisszallitas.hu\/wp-content\/uploads\/2025\/06\/image-1.png","width":1270,"height":466,"caption":"Speci\u00e1lis Tehersz\u00e1ll\u00edt\u00f3 Kft"},"image":{"@id":"https:\/\/specialisszallitas.hu\/#\/schema\/logo\/image\/"},"sameAs":["https:\/\/www.facebook.com\/specteher"]}]}},"_links":{"self":[{"href":"https:\/\/specialisszallitas.hu\/index.php\/wp-json\/wp\/v2\/pages\/277","targetHints":{"allow":["GET"]}}],"collection":[{"href":"https:\/\/specialisszallitas.hu\/index.php\/wp-json\/wp\/v2\/pages"}],"about":[{"href":"https:\/\/specialisszallitas.hu\/index.php\/wp-json\/wp\/v2\/types\/page"}],"author":[{"embeddable":true,"href":"https:\/\/specialisszallitas.hu\/index.php\/wp-json\/wp\/v2\/users\/1"}],"replies":[{"embeddable":true,"href":"https:\/\/specialisszallitas.hu\/index.php\/wp-json\/wp\/v2\/comments?post=277"}],"version-history":[{"count":10,"href":"https:\/\/specialisszallitas.hu\/index.php\/wp-json\/wp\/v2\/pages\/277\/revisions"}],"predecessor-version":[{"id":290,"href":"https:\/\/specialisszallitas.hu\/index.php\/wp-json\/wp\/v2\/pages\/277\/revisions\/290"}],"wp:attachment":[{"href":"https:\/\/specialisszallitas.hu\/index.php\/wp-json\/wp\/v2\/media?parent=277"}],"curies":[{"name":"wp","href":"https:\/\/api.w.org\/{rel}","templated":true}]}}