{"id":117,"date":"2025-06-13T15:57:46","date_gmt":"2025-06-13T13:57:46","guid":{"rendered":"https:\/\/specialisszallitas.hu\/?page_id=117"},"modified":"2026-03-09T08:37:05","modified_gmt":"2026-03-09T07:37:05","slug":"kapcsolat","status":"publish","type":"page","link":"https:\/\/specialisszallitas.hu\/index.php\/kapcsolat\/","title":{"rendered":"Kapcsolat"},"content":{"rendered":"\n[et_pb_section fb_built=&#8221;1&#8243; _builder_version=&#8221;4.27.4&#8243; _module_preset=&#8221;default&#8221; global_colors_info=&#8221;{}&#8221;][et_pb_row column_structure=&#8221;1_2,1_2&#8243; _builder_version=&#8221;4.27.4&#8243; _module_preset=&#8221;default&#8221; global_colors_info=&#8221;{}&#8221;][et_pb_column type=&#8221;1_2&#8243; _builder_version=&#8221;4.27.4&#8243; _module_preset=&#8221;default&#8221; global_colors_info=&#8221;{}&#8221;][et_pb_testimonial portrait_url=&#8221;https:\/\/specialisszallitas.hu\/wp-content\/uploads\/2025\/06\/image-1.png&#8221; _builder_version=&#8221;4.27.4&#8243; _module_preset=&#8221;default&#8221; global_colors_info=&#8221;{}&#8221;]<h3>Speci\u00e1lis Tehersz\u00e1ll\u00edt\u00f3 Kft<\/h3>\n<h3>Ad\u00f3: 26350116-2-13<\/h3>\n<h3>Telephely: 2220 Vecs\u00e9s<\/h3>\n<h3>Email: <a href=\"mailto:specialisszallitas@gmail.com\">specialisszallitas@gmail.com<\/a><\/h3>\n<h3>Tel: +36707769775<\/h3>\n<p>&nbsp;<\/p>[\/et_pb_testimonial][\/et_pb_column][et_pb_column type=&#8221;1_2&#8243; _builder_version=&#8221;4.27.4&#8243; _module_preset=&#8221;default&#8221; global_colors_info=&#8221;{}&#8221;][et_pb_contact_form email=&#8221;specialisszallitas@gmail.com&#8221; _builder_version=&#8221;4.27.4&#8243; _module_preset=&#8221;default&#8221; _unique_id=&#8221;6796b0ec-46d2-45aa-ac15-2e26eed85516&#8243; global_colors_info=&#8221;{}&#8221;][et_pb_contact_field field_id=&#8221;N\u00e9v&#8221; field_title=&#8221;N\u00e9v&#8221; _builder_version=&#8221;4.27.4&#8243; global_colors_info=&#8221;{}&#8221; button_text_size__hover_enabled=&#8221;off&#8221; button_one_text_size__hover_enabled=&#8221;off&#8221; button_two_text_size__hover_enabled=&#8221;off&#8221; button_text_color__hover_enabled=&#8221;off&#8221; button_one_text_color__hover_enabled=&#8221;off&#8221; button_two_text_color__hover_enabled=&#8221;off&#8221; button_border_width__hover_enabled=&#8221;off&#8221; button_one_border_width__hover_enabled=&#8221;off&#8221; button_two_border_width__hover_enabled=&#8221;off&#8221; button_border_color__hover_enabled=&#8221;off&#8221; button_one_border_color__hover_enabled=&#8221;off&#8221; button_two_border_color__hover_enabled=&#8221;off&#8221; button_border_radius__hover_enabled=&#8221;off&#8221; button_one_border_radius__hover_enabled=&#8221;off&#8221; button_two_border_radius__hover_enabled=&#8221;off&#8221; button_letter_spacing__hover_enabled=&#8221;off&#8221; button_one_letter_spacing__hover_enabled=&#8221;off&#8221; button_two_letter_spacing__hover_enabled=&#8221;off&#8221; button_bg_color__hover_enabled=&#8221;off&#8221; button_one_bg_color__hover_enabled=&#8221;off&#8221; button_two_bg_color__hover_enabled=&#8221;off&#8221;][\/et_pb_contact_field][et_pb_contact_field field_id=&#8221;Email&#8221; field_title=&#8221;Email c\u00edm&#8221; field_type=&#8221;email&#8221; _builder_version=&#8221;4.27.4&#8243; global_colors_info=&#8221;{}&#8221; button_text_size__hover_enabled=&#8221;off&#8221; button_one_text_size__hover_enabled=&#8221;off&#8221; button_two_text_size__hover_enabled=&#8221;off&#8221; button_text_color__hover_enabled=&#8221;off&#8221; button_one_text_color__hover_enabled=&#8221;off&#8221; button_two_text_color__hover_enabled=&#8221;off&#8221; button_border_width__hover_enabled=&#8221;off&#8221; button_one_border_width__hover_enabled=&#8221;off&#8221; button_two_border_width__hover_enabled=&#8221;off&#8221; button_border_color__hover_enabled=&#8221;off&#8221; button_one_border_color__hover_enabled=&#8221;off&#8221; button_two_border_color__hover_enabled=&#8221;off&#8221; button_border_radius__hover_enabled=&#8221;off&#8221; button_one_border_radius__hover_enabled=&#8221;off&#8221; button_two_border_radius__hover_enabled=&#8221;off&#8221; button_letter_spacing__hover_enabled=&#8221;off&#8221; button_one_letter_spacing__hover_enabled=&#8221;off&#8221; button_two_letter_spacing__hover_enabled=&#8221;off&#8221; button_bg_color__hover_enabled=&#8221;off&#8221; button_one_bg_color__hover_enabled=&#8221;off&#8221; button_two_bg_color__hover_enabled=&#8221;off&#8221;][\/et_pb_contact_field][et_pb_contact_field field_id=&#8221;Message&#8221; field_title=&#8221;\u00dczenet&#8221; field_type=&#8221;text&#8221; fullwidth_field=&#8221;on&#8221; _builder_version=&#8221;4.16&#8243; global_colors_info=&#8221;{}&#8221; button_text_size__hover_enabled=&#8221;off&#8221; button_one_text_size__hover_enabled=&#8221;off&#8221; button_two_text_size__hover_enabled=&#8221;off&#8221; button_text_color__hover_enabled=&#8221;off&#8221; button_one_text_color__hover_enabled=&#8221;off&#8221; button_two_text_color__hover_enabled=&#8221;off&#8221; button_border_width__hover_enabled=&#8221;off&#8221; button_one_border_width__hover_enabled=&#8221;off&#8221; button_two_border_width__hover_enabled=&#8221;off&#8221; button_border_color__hover_enabled=&#8221;off&#8221; button_one_border_color__hover_enabled=&#8221;off&#8221; button_two_border_color__hover_enabled=&#8221;off&#8221; button_border_radius__hover_enabled=&#8221;off&#8221; button_one_border_radius__hover_enabled=&#8221;off&#8221; button_two_border_radius__hover_enabled=&#8221;off&#8221; button_letter_spacing__hover_enabled=&#8221;off&#8221; button_one_letter_spacing__hover_enabled=&#8221;off&#8221; button_two_letter_spacing__hover_enabled=&#8221;off&#8221; button_bg_color__hover_enabled=&#8221;off&#8221; button_one_bg_color__hover_enabled=&#8221;off&#8221; button_two_bg_color__hover_enabled=&#8221;off&#8221;][\/et_pb_contact_field][et_pb_contact_field field_id=&#8221;Field_4&#8243; field_title=&#8221;Telefonsz\u00e1m&#8221; fullwidth_field=&#8221;on&#8221; _builder_version=&#8221;4.27.4&#8243; _module_preset=&#8221;default&#8221; global_colors_info=&#8221;{}&#8221;][\/et_pb_contact_field][\/et_pb_contact_form][\/et_pb_column][\/et_pb_row][\/et_pb_section]\n","protected":false},"excerpt":{"rendered":"<p>Minden jog 2025 Speci\u00e1lis Tehersz\u00e1ll\u00edt\u00f3 Kft<\/p>\n","protected":false},"author":1,"featured_media":0,"parent":0,"menu_order":0,"comment_status":"closed","ping_status":"closed","template":"","meta":{"_et_pb_use_builder":"on","_et_pb_old_content":"","_et_gb_content_width":"","footnotes":""},"class_list":["post-117","page","type-page","status-publish","hentry"],"yoast_head":"<!-- This site is optimized with the Yoast SEO plugin v27.4 - https:\/\/yoast.com\/product\/yoast-seo-wordpress\/ -->\n<title>Kapcsolat P\u00e1nc\u00e9lszekr\u00e9ny \u00e9s neh\u00e9z t\u00e1rgy sz\u00e1ll\u00edt\u00e1s - Speci\u00e1lis Sz\u00e1ll\u00edt\u00e1s<\/title>\n<meta name=\"description\" content=\"Speci\u00e1lis tehersz\u00e1ll\u00edt\u00f3 kft el\u00e9rhet\u0151s\u00e9ge ha p\u00e1nc\u00e9lszekr\u00e9nyt vagy nehezen mozgathat\u00f3 t\u00e1rgyat szeretne sz\u00e1ll\u00edtani.\" \/>\n<meta name=\"robots\" content=\"index, follow, max-snippet:-1, max-image-preview:large, max-video-preview:-1\" \/>\n<link rel=\"canonical\" href=\"https:\/\/specialisszallitas.hu\/index.php\/kapcsolat\/\" \/>\n<meta property=\"og:locale\" content=\"hu_HU\" \/>\n<meta property=\"og:type\" content=\"article\" \/>\n<meta property=\"og:title\" content=\"Kapcsolat P\u00e1nc\u00e9lszekr\u00e9ny \u00e9s neh\u00e9z t\u00e1rgy sz\u00e1ll\u00edt\u00e1s - Speci\u00e1lis Sz\u00e1ll\u00edt\u00e1s\" \/>\n<meta property=\"og:description\" content=\"Speci\u00e1lis tehersz\u00e1ll\u00edt\u00f3 kft el\u00e9rhet\u0151s\u00e9ge ha p\u00e1nc\u00e9lszekr\u00e9nyt vagy nehezen mozgathat\u00f3 t\u00e1rgyat szeretne sz\u00e1ll\u00edtani.\" \/>\n<meta property=\"og:url\" content=\"https:\/\/specialisszallitas.hu\/index.php\/kapcsolat\/\" \/>\n<meta property=\"og:site_name\" content=\"Speci\u00e1lis Sz\u00e1ll\u00edt\u00e1s\" \/>\n<meta property=\"article:publisher\" content=\"https:\/\/www.facebook.com\/specteher\" \/>\n<meta property=\"article:modified_time\" content=\"2026-03-09T07:37:05+00:00\" \/>\n<meta name=\"twitter:card\" content=\"summary_large_image\" \/>\n<meta name=\"twitter:label1\" content=\"Becs\u00fclt olvas\u00e1si id\u0151\" \/>\n\t<meta name=\"twitter:data1\" content=\"1 perc\" \/>\n<script type=\"application\/ld+json\" class=\"yoast-schema-graph\">{\"@context\":\"https:\\\/\\\/schema.org\",\"@graph\":[{\"@type\":\"WebPage\",\"@id\":\"https:\\\/\\\/specialisszallitas.hu\\\/index.php\\\/kapcsolat\\\/\",\"url\":\"https:\\\/\\\/specialisszallitas.hu\\\/index.php\\\/kapcsolat\\\/\",\"name\":\"Kapcsolat P\u00e1nc\u00e9lszekr\u00e9ny \u00e9s neh\u00e9z t\u00e1rgy sz\u00e1ll\u00edt\u00e1s - Speci\u00e1lis Sz\u00e1ll\u00edt\u00e1s\",\"isPartOf\":{\"@id\":\"https:\\\/\\\/specialisszallitas.hu\\\/#website\"},\"datePublished\":\"2025-06-13T13:57:46+00:00\",\"dateModified\":\"2026-03-09T07:37:05+00:00\",\"description\":\"Speci\u00e1lis tehersz\u00e1ll\u00edt\u00f3 kft el\u00e9rhet\u0151s\u00e9ge ha p\u00e1nc\u00e9lszekr\u00e9nyt vagy nehezen mozgathat\u00f3 t\u00e1rgyat szeretne sz\u00e1ll\u00edtani.\",\"breadcrumb\":{\"@id\":\"https:\\\/\\\/specialisszallitas.hu\\\/index.php\\\/kapcsolat\\\/#breadcrumb\"},\"inLanguage\":\"hu\",\"potentialAction\":[{\"@type\":\"ReadAction\",\"target\":[\"https:\\\/\\\/specialisszallitas.hu\\\/index.php\\\/kapcsolat\\\/\"]}]},{\"@type\":\"BreadcrumbList\",\"@id\":\"https:\\\/\\\/specialisszallitas.hu\\\/index.php\\\/kapcsolat\\\/#breadcrumb\",\"itemListElement\":[{\"@type\":\"ListItem\",\"position\":1,\"name\":\"Kezd\u0151lap\",\"item\":\"https:\\\/\\\/specialisszallitas.hu\\\/\"},{\"@type\":\"ListItem\",\"position\":2,\"name\":\"Kapcsolat\"}]},{\"@type\":\"WebSite\",\"@id\":\"https:\\\/\\\/specialisszallitas.hu\\\/#website\",\"url\":\"https:\\\/\\\/specialisszallitas.hu\\\/\",\"name\":\"Speci\u00e1lis Sz\u00e1ll\u00edt\u00e1s\",\"description\":\"Neh\u00e9zg\u00e9p p\u00e1nc\u00e9lszekr\u00e9ny neh\u00e9z t\u00e1rgyak sz\u00e1ll\u00edt\u00e1sa\",\"publisher\":{\"@id\":\"https:\\\/\\\/specialisszallitas.hu\\\/#organization\"},\"potentialAction\":[{\"@type\":\"SearchAction\",\"target\":{\"@type\":\"EntryPoint\",\"urlTemplate\":\"https:\\\/\\\/specialisszallitas.hu\\\/?s={search_term_string}\"},\"query-input\":{\"@type\":\"PropertyValueSpecification\",\"valueRequired\":true,\"valueName\":\"search_term_string\"}}],\"inLanguage\":\"hu\"},{\"@type\":\"Organization\",\"@id\":\"https:\\\/\\\/specialisszallitas.hu\\\/#organization\",\"name\":\"Speci\u00e1lis Tehersz\u00e1ll\u00edt\u00f3 Kft\",\"url\":\"https:\\\/\\\/specialisszallitas.hu\\\/\",\"logo\":{\"@type\":\"ImageObject\",\"inLanguage\":\"hu\",\"@id\":\"https:\\\/\\\/specialisszallitas.hu\\\/#\\\/schema\\\/logo\\\/image\\\/\",\"url\":\"https:\\\/\\\/specialisszallitas.hu\\\/wp-content\\\/uploads\\\/2025\\\/06\\\/image-1.png\",\"contentUrl\":\"https:\\\/\\\/specialisszallitas.hu\\\/wp-content\\\/uploads\\\/2025\\\/06\\\/image-1.png\",\"width\":1270,\"height\":466,\"caption\":\"Speci\u00e1lis Tehersz\u00e1ll\u00edt\u00f3 Kft\"},\"image\":{\"@id\":\"https:\\\/\\\/specialisszallitas.hu\\\/#\\\/schema\\\/logo\\\/image\\\/\"},\"sameAs\":[\"https:\\\/\\\/www.facebook.com\\\/specteher\"]}]}<\/script>\n<!-- \/ Yoast SEO plugin. -->","yoast_head_json":{"title":"Kapcsolat P\u00e1nc\u00e9lszekr\u00e9ny \u00e9s neh\u00e9z t\u00e1rgy sz\u00e1ll\u00edt\u00e1s - Speci\u00e1lis Sz\u00e1ll\u00edt\u00e1s","description":"Speci\u00e1lis tehersz\u00e1ll\u00edt\u00f3 kft el\u00e9rhet\u0151s\u00e9ge ha p\u00e1nc\u00e9lszekr\u00e9nyt vagy nehezen mozgathat\u00f3 t\u00e1rgyat szeretne sz\u00e1ll\u00edtani.","robots":{"index":"index","follow":"follow","max-snippet":"max-snippet:-1","max-image-preview":"max-image-preview:large","max-video-preview":"max-video-preview:-1"},"canonical":"https:\/\/specialisszallitas.hu\/index.php\/kapcsolat\/","og_locale":"hu_HU","og_type":"article","og_title":"Kapcsolat P\u00e1nc\u00e9lszekr\u00e9ny \u00e9s neh\u00e9z t\u00e1rgy sz\u00e1ll\u00edt\u00e1s - Speci\u00e1lis Sz\u00e1ll\u00edt\u00e1s","og_description":"Speci\u00e1lis tehersz\u00e1ll\u00edt\u00f3 kft el\u00e9rhet\u0151s\u00e9ge ha p\u00e1nc\u00e9lszekr\u00e9nyt vagy nehezen mozgathat\u00f3 t\u00e1rgyat szeretne sz\u00e1ll\u00edtani.","og_url":"https:\/\/specialisszallitas.hu\/index.php\/kapcsolat\/","og_site_name":"Speci\u00e1lis Sz\u00e1ll\u00edt\u00e1s","article_publisher":"https:\/\/www.facebook.com\/specteher","article_modified_time":"2026-03-09T07:37:05+00:00","twitter_card":"summary_large_image","twitter_misc":{"Becs\u00fclt olvas\u00e1si id\u0151":"1 perc"},"schema":{"@context":"https:\/\/schema.org","@graph":[{"@type":"WebPage","@id":"https:\/\/specialisszallitas.hu\/index.php\/kapcsolat\/","url":"https:\/\/specialisszallitas.hu\/index.php\/kapcsolat\/","name":"Kapcsolat P\u00e1nc\u00e9lszekr\u00e9ny \u00e9s neh\u00e9z t\u00e1rgy sz\u00e1ll\u00edt\u00e1s - Speci\u00e1lis Sz\u00e1ll\u00edt\u00e1s","isPartOf":{"@id":"https:\/\/specialisszallitas.hu\/#website"},"datePublished":"2025-06-13T13:57:46+00:00","dateModified":"2026-03-09T07:37:05+00:00","description":"Speci\u00e1lis tehersz\u00e1ll\u00edt\u00f3 kft el\u00e9rhet\u0151s\u00e9ge ha p\u00e1nc\u00e9lszekr\u00e9nyt vagy nehezen mozgathat\u00f3 t\u00e1rgyat szeretne sz\u00e1ll\u00edtani.","breadcrumb":{"@id":"https:\/\/specialisszallitas.hu\/index.php\/kapcsolat\/#breadcrumb"},"inLanguage":"hu","potentialAction":[{"@type":"ReadAction","target":["https:\/\/specialisszallitas.hu\/index.php\/kapcsolat\/"]}]},{"@type":"BreadcrumbList","@id":"https:\/\/specialisszallitas.hu\/index.php\/kapcsolat\/#breadcrumb","itemListElement":[{"@type":"ListItem","position":1,"name":"Kezd\u0151lap","item":"https:\/\/specialisszallitas.hu\/"},{"@type":"ListItem","position":2,"name":"Kapcsolat"}]},{"@type":"WebSite","@id":"https:\/\/specialisszallitas.hu\/#website","url":"https:\/\/specialisszallitas.hu\/","name":"Speci\u00e1lis Sz\u00e1ll\u00edt\u00e1s","description":"Neh\u00e9zg\u00e9p p\u00e1nc\u00e9lszekr\u00e9ny neh\u00e9z t\u00e1rgyak sz\u00e1ll\u00edt\u00e1sa","publisher":{"@id":"https:\/\/specialisszallitas.hu\/#organization"},"potentialAction":[{"@type":"SearchAction","target":{"@type":"EntryPoint","urlTemplate":"https:\/\/specialisszallitas.hu\/?s={search_term_string}"},"query-input":{"@type":"PropertyValueSpecification","valueRequired":true,"valueName":"search_term_string"}}],"inLanguage":"hu"},{"@type":"Organization","@id":"https:\/\/specialisszallitas.hu\/#organization","name":"Speci\u00e1lis Tehersz\u00e1ll\u00edt\u00f3 Kft","url":"https:\/\/specialisszallitas.hu\/","logo":{"@type":"ImageObject","inLanguage":"hu","@id":"https:\/\/specialisszallitas.hu\/#\/schema\/logo\/image\/","url":"https:\/\/specialisszallitas.hu\/wp-content\/uploads\/2025\/06\/image-1.png","contentUrl":"https:\/\/specialisszallitas.hu\/wp-content\/uploads\/2025\/06\/image-1.png","width":1270,"height":466,"caption":"Speci\u00e1lis Tehersz\u00e1ll\u00edt\u00f3 Kft"},"image":{"@id":"https:\/\/specialisszallitas.hu\/#\/schema\/logo\/image\/"},"sameAs":["https:\/\/www.facebook.com\/specteher"]}]}},"_links":{"self":[{"href":"https:\/\/specialisszallitas.hu\/index.php\/wp-json\/wp\/v2\/pages\/117","targetHints":{"allow":["GET"]}}],"collection":[{"href":"https:\/\/specialisszallitas.hu\/index.php\/wp-json\/wp\/v2\/pages"}],"about":[{"href":"https:\/\/specialisszallitas.hu\/index.php\/wp-json\/wp\/v2\/types\/page"}],"author":[{"embeddable":true,"href":"https:\/\/specialisszallitas.hu\/index.php\/wp-json\/wp\/v2\/users\/1"}],"replies":[{"embeddable":true,"href":"https:\/\/specialisszallitas.hu\/index.php\/wp-json\/wp\/v2\/comments?post=117"}],"version-history":[{"count":11,"href":"https:\/\/specialisszallitas.hu\/index.php\/wp-json\/wp\/v2\/pages\/117\/revisions"}],"predecessor-version":[{"id":375,"href":"https:\/\/specialisszallitas.hu\/index.php\/wp-json\/wp\/v2\/pages\/117\/revisions\/375"}],"wp:attachment":[{"href":"https:\/\/specialisszallitas.hu\/index.php\/wp-json\/wp\/v2\/media?parent=117"}],"curies":[{"name":"wp","href":"https:\/\/api.w.org\/{rel}","templated":true}]}}